{"id":128,"date":"2016-05-10T23:04:24","date_gmt":"2016-05-10T21:04:24","guid":{"rendered":"http:\/\/waelty.ch\/cm\/?page_id=128"},"modified":"2025-01-11T19:11:16","modified_gmt":"2025-01-11T18:11:16","slug":"homepage","status":"publish","type":"page","link":"https:\/\/waelty.ch\/cm\/","title":{"rendered":"Homepage"},"content":{"rendered":"\n<style type=\"text\/css\" data-created_by=\"avia_inline_auto\" id=\"style-css-av-1iiaug-5f8e5fdf84a69ed990e5be73018219f4\">\n.flex_column.av-1iiaug-5f8e5fdf84a69ed990e5be73018219f4{\nborder-radius:0px 0px 0px 0px;\npadding:0px 0px 0px 0px;\n}\n<\/style>\n<div  class='flex_column av-1iiaug-5f8e5fdf84a69ed990e5be73018219f4 av_one_full  avia-builder-el-0  el_before_av_textblock  avia-builder-el-first  first flex_column_div av-zero-column-padding  '     ><style type=\"text\/css\" data-created_by=\"avia_inline_auto\" id=\"style-css-av-1d76g0-a6880fd81f09e34654630fc6854b1989\">\n#top .av_textblock_section.av-1d76g0-a6880fd81f09e34654630fc6854b1989 .avia_textblock{\ncolor:#000000;\n}\n<\/style>\n<section  class='av_textblock_section av-1d76g0-a6880fd81f09e34654630fc6854b1989 '   itemscope=\"itemscope\" itemtype=\"https:\/\/schema.org\/CreativeWork\" ><div class='avia_textblock av_inherit_color'  itemprop=\"text\" ><h2 class=\"av-special-heading-tag\" style=\"text-align: center;\">Herzlich Willkommen<\/h2>\n<div class=\"av-subheading av-subheading_below av_custom_color\">\n<p style=\"text-align: center;\">Sch\u00f6n dass Sie mich besuchen! Ich hoffe dass ich sie mit meinen Bildern ber\u00fchren kann. Viel Spass, Daniel W\u00e4lty<\/p>\n<\/div>\n<\/div><\/section><br \/>\n<div  class='hr av-1ags08-1bbe50e92eeb7c38a932ccf8810f1c01 hr-default  avia-builder-el-2  el_after_av_textblock  el_before_av_textblock '><span class='hr-inner '><span class=\"hr-inner-style\"><\/span><\/span><\/div><br \/>\n<section  class='av_textblock_section av-10gni0-3ed1e7da7942675f3a5b11517d05a0c8 '   itemscope=\"itemscope\" itemtype=\"https:\/\/schema.org\/CreativeWork\" ><div class='avia_textblock'  itemprop=\"text\" >\n<\/div><\/section><br \/>\n\n<style type=\"text\/css\" data-created_by=\"avia_inline_auto\" id=\"style-css-av-crq94-a733f5c2f6ada994ad9e59bdeab52ae7\">\n#top .av-special-heading.av-crq94-a733f5c2f6ada994ad9e59bdeab52ae7{\npadding-bottom:0;\n}\nbody .av-special-heading.av-crq94-a733f5c2f6ada994ad9e59bdeab52ae7 .av-special-heading-tag .heading-char{\nfont-size:25px;\n}\n.av-special-heading.av-crq94-a733f5c2f6ada994ad9e59bdeab52ae7 .av-subheading{\nfont-size:15px;\n}\n<\/style>\n<div  class='av-special-heading av-crq94-a733f5c2f6ada994ad9e59bdeab52ae7 av-special-heading-h3  avia-builder-el-4  el_after_av_textblock  el_before_av_hr '><h3 class='av-special-heading-tag '  itemprop=\"headline\"  >Galerien<\/h3><div class=\"special-heading-border\"><div class=\"special-heading-inner-border\"><\/div><\/div><\/div><br \/>\n\n<style type=\"text\/css\" data-created_by=\"avia_inline_auto\" id=\"style-css-av-rbe3s-825458993c5750e96cff9e3e85271bf5\">\n#top .hr.hr-invisible.av-rbe3s-825458993c5750e96cff9e3e85271bf5{\nheight:50px;\n}\n<\/style>\n<div  class='hr av-rbe3s-825458993c5750e96cff9e3e85271bf5 hr-invisible  avia-builder-el-5  el_after_av_heading  el_before_av_textblock '><span class='hr-inner '><span class=\"hr-inner-style\"><\/span><\/span><\/div><br \/>\n<section  class='av_textblock_section av-2cskg-f7534fa84c05e7e016cf7199584d3362 '   itemscope=\"itemscope\" itemtype=\"https:\/\/schema.org\/CreativeWork\" ><div class='avia_textblock'  itemprop=\"text\" ><table>\n<tbody>\n<tr>\n<td><img loading=\"lazy\" decoding=\"async\" class=\"wp-image-507 size-medium\" src=\"https:\/\/waelty.ch\/cm\/wp-content\/uploads\/2016\/05\/IMG_3973-2-1-300x200.jpg\" alt=\"\" width=\"300\" height=\"200\" srcset=\"https:\/\/waelty.ch\/cm\/wp-content\/uploads\/2016\/05\/IMG_3973-2-1-300x200.jpg 300w, https:\/\/waelty.ch\/cm\/wp-content\/uploads\/2016\/05\/IMG_3973-2-1-768x512.jpg 768w, https:\/\/waelty.ch\/cm\/wp-content\/uploads\/2016\/05\/IMG_3973-2-1-1024x683.jpg 1024w, https:\/\/waelty.ch\/cm\/wp-content\/uploads\/2016\/05\/IMG_3973-2-1-1500x1000.jpg 1500w, https:\/\/waelty.ch\/cm\/wp-content\/uploads\/2016\/05\/IMG_3973-2-1-705x470.jpg 705w, https:\/\/waelty.ch\/cm\/wp-content\/uploads\/2016\/05\/IMG_3973-2-1-450x300.jpg 450w, https:\/\/waelty.ch\/cm\/wp-content\/uploads\/2016\/05\/IMG_3973-2-1.jpg 1920w\" sizes=\"auto, (max-width: 300px) 100vw, 300px\" \/><\/td>\n<td><img loading=\"lazy\" decoding=\"async\" class=\"wp-image-530 size-medium\" src=\"https:\/\/waelty.ch\/cm\/wp-content\/uploads\/2016\/05\/S2B8853_v2-300x200.jpg\" alt=\"Landschaft\" width=\"300\" height=\"200\" srcset=\"https:\/\/waelty.ch\/cm\/wp-content\/uploads\/2016\/05\/S2B8853_v2-300x200.jpg 300w, https:\/\/waelty.ch\/cm\/wp-content\/uploads\/2016\/05\/S2B8853_v2-768x512.jpg 768w, https:\/\/waelty.ch\/cm\/wp-content\/uploads\/2016\/05\/S2B8853_v2-1024x683.jpg 1024w, https:\/\/waelty.ch\/cm\/wp-content\/uploads\/2016\/05\/S2B8853_v2-1500x1000.jpg 1500w, https:\/\/waelty.ch\/cm\/wp-content\/uploads\/2016\/05\/S2B8853_v2-705x470.jpg 705w, https:\/\/waelty.ch\/cm\/wp-content\/uploads\/2016\/05\/S2B8853_v2-450x300.jpg 450w, https:\/\/waelty.ch\/cm\/wp-content\/uploads\/2016\/05\/S2B8853_v2.jpg 1920w\" sizes=\"auto, (max-width: 300px) 100vw, 300px\" \/><\/td>\n<td><img loading=\"lazy\" decoding=\"async\" class=\"alignleft wp-image-3254 size-medium\" src=\"https:\/\/waelty.ch\/cm\/wp-content\/uploads\/2017\/07\/S2B2327-e1603995587632-300x200.jpg\" alt=\"\" width=\"300\" height=\"200\" srcset=\"https:\/\/waelty.ch\/cm\/wp-content\/uploads\/2017\/07\/S2B2327-e1603995587632-300x200.jpg 300w, https:\/\/waelty.ch\/cm\/wp-content\/uploads\/2017\/07\/S2B2327-e1603995587632-768x512.jpg 768w, https:\/\/waelty.ch\/cm\/wp-content\/uploads\/2017\/07\/S2B2327-e1603995587632-1030x687.jpg 1030w, https:\/\/waelty.ch\/cm\/wp-content\/uploads\/2017\/07\/S2B2327-e1603995587632-1500x1000.jpg 1500w, https:\/\/waelty.ch\/cm\/wp-content\/uploads\/2017\/07\/S2B2327-e1603995587632-705x470.jpg 705w, https:\/\/waelty.ch\/cm\/wp-content\/uploads\/2017\/07\/S2B2327-e1603995587632-1536x1024.jpg 1536w, https:\/\/waelty.ch\/cm\/wp-content\/uploads\/2017\/07\/S2B2327-e1603995587632-1200x800.jpg 1200w, https:\/\/waelty.ch\/cm\/wp-content\/uploads\/2017\/07\/S2B2327-e1603995587632.jpg 1920w\" sizes=\"auto, (max-width: 300px) 100vw, 300px\" \/><\/td>\n<td><img loading=\"lazy\" decoding=\"async\" class=\"alignleft wp-image-509 size-medium\" src=\"https:\/\/waelty.ch\/cm\/wp-content\/uploads\/2016\/05\/S2B0678_mit_Baum_v3-300x200.jpg\" alt=\"\" width=\"300\" height=\"200\" srcset=\"https:\/\/waelty.ch\/cm\/wp-content\/uploads\/2016\/05\/S2B0678_mit_Baum_v3-300x200.jpg 300w, https:\/\/waelty.ch\/cm\/wp-content\/uploads\/2016\/05\/S2B0678_mit_Baum_v3-768x512.jpg 768w, https:\/\/waelty.ch\/cm\/wp-content\/uploads\/2016\/05\/S2B0678_mit_Baum_v3-1024x683.jpg 1024w, https:\/\/waelty.ch\/cm\/wp-content\/uploads\/2016\/05\/S2B0678_mit_Baum_v3-1500x1000.jpg 1500w, https:\/\/waelty.ch\/cm\/wp-content\/uploads\/2016\/05\/S2B0678_mit_Baum_v3-705x470.jpg 705w, https:\/\/waelty.ch\/cm\/wp-content\/uploads\/2016\/05\/S2B0678_mit_Baum_v3-450x300.jpg 450w, https:\/\/waelty.ch\/cm\/wp-content\/uploads\/2016\/05\/S2B0678_mit_Baum_v3.jpg 1920w\" sizes=\"auto, (max-width: 300px) 100vw, 300px\" \/><\/td>\n<\/tr>\n<tr>\n<td style=\"text-align: center;\"><a href=\"https:\/\/waelty.ch\/cm\/?page_id=50\">Landschaft<\/a><\/td>\n<td style=\"text-align: center;\"><a href=\"https:\/\/waelty.ch\/cm\/?page_id=66\">Architektur<\/a><\/td>\n<td style=\"text-align: center;\"><a href=\"https:\/\/waelty.ch\/cm\/?page_id=76\">Personen<\/a><\/td>\n<td style=\"text-align: center;\"><a href=\"https:\/\/waelty.ch\/cm\/?page_id=91\">Verschiedenes<\/a><\/td>\n<\/tr>\n<\/tbody>\n<\/table>\n<\/div><\/section><br \/>\n\n<style type=\"text\/css\" data-created_by=\"avia_inline_auto\" id=\"style-css-av-sam8-8d20b1b3115f3eeecca0ef8f510e873c\">\n#top .av-special-heading.av-sam8-8d20b1b3115f3eeecca0ef8f510e873c{\npadding-bottom:0;\n}\nbody .av-special-heading.av-sam8-8d20b1b3115f3eeecca0ef8f510e873c .av-special-heading-tag .heading-char{\nfont-size:25px;\n}\n.av-special-heading.av-sam8-8d20b1b3115f3eeecca0ef8f510e873c .av-subheading{\nfont-size:15px;\n}\n<\/style>\n<div  class='av-special-heading av-sam8-8d20b1b3115f3eeecca0ef8f510e873c av-special-heading-h3  avia-builder-el-7  el_after_av_textblock  avia-builder-el-last '><h3 class='av-special-heading-tag '  itemprop=\"headline\"  >Facebook<\/h3><div class=\"special-heading-border\"><div class=\"special-heading-inner-border\"><\/div><\/div><\/div><\/p><\/div><section  class='av_textblock_section av-8pse8-c71947b079da5f256fcbc103d54a2524 '   itemscope=\"itemscope\" itemtype=\"https:\/\/schema.org\/CreativeWork\" ><div class='avia_textblock'  itemprop=\"text\" ><p>Ich w\u00fcrde mich auch freuen, wenn Ihr mal auf meiner Facebook Seite vorbei schaut.<\/p>\n<div class=\"fb-page\" data-href=\"https:\/\/www.facebook.com\/dwaelty\/\" data-small-header=\"false\" data-adapt-container-width=\"true\" data-width=\"500\" data-hide-cta=\"true\" data-hide-cover=\"false\" data-show-posts=\"false\" data-show-facepile=\"true\">\n<div class=\"fb-xfbml-parse-ignore\">\n<blockquote cite=\"https:\/\/www.facebook.com\/dwaelty\/\">\n<p><a href=\"https:\/\/www.facebook.com\/dwaelty\/\">Daniel W\u00e4lty Fotografie<\/a><\/p>\n<\/blockquote>\n<\/div>\n<\/div>\n<\/div><\/section><\/p>\n","protected":false},"excerpt":{"rendered":"","protected":false},"author":1,"featured_media":0,"parent":0,"menu_order":0,"comment_status":"closed","ping_status":"closed","template":"","meta":{"_exactmetrics_skip_tracking":false,"_exactmetrics_sitenote_active":false,"_exactmetrics_sitenote_note":"","_exactmetrics_sitenote_category":0,"footnotes":""},"class_list":["post-128","page","type-page","status-publish","hentry"],"_links":{"self":[{"href":"https:\/\/waelty.ch\/cm\/index.php?rest_route=\/wp\/v2\/pages\/128","targetHints":{"allow":["GET"]}}],"collection":[{"href":"https:\/\/waelty.ch\/cm\/index.php?rest_route=\/wp\/v2\/pages"}],"about":[{"href":"https:\/\/waelty.ch\/cm\/index.php?rest_route=\/wp\/v2\/types\/page"}],"author":[{"embeddable":true,"href":"https:\/\/waelty.ch\/cm\/index.php?rest_route=\/wp\/v2\/users\/1"}],"replies":[{"embeddable":true,"href":"https:\/\/waelty.ch\/cm\/index.php?rest_route=%2Fwp%2Fv2%2Fcomments&post=128"}],"version-history":[{"count":104,"href":"https:\/\/waelty.ch\/cm\/index.php?rest_route=\/wp\/v2\/pages\/128\/revisions"}],"predecessor-version":[{"id":14157,"href":"https:\/\/waelty.ch\/cm\/index.php?rest_route=\/wp\/v2\/pages\/128\/revisions\/14157"}],"wp:attachment":[{"href":"https:\/\/waelty.ch\/cm\/index.php?rest_route=%2Fwp%2Fv2%2Fmedia&parent=128"}],"curies":[{"name":"wp","href":"https:\/\/api.w.org\/{rel}","templated":true}]}}